{"id":81,"date":"2022-06-14T12:14:32","date_gmt":"2022-06-14T10:14:32","guid":{"rendered":"https:\/\/therapiepraxis-kompass.de\/?page_id=81"},"modified":"2024-10-08T10:21:15","modified_gmt":"2024-10-08T08:21:15","slug":"oeffnungszeiten","status":"publish","type":"page","link":"https:\/\/therapiepraxis-kompass.de\/?page_id=81","title":{"rendered":"Termine"},"content":{"rendered":"\n<section id=\"wp-block-themeisle-blocks-advanced-columns-e0e1ab2e\" class=\"wp-block-themeisle-blocks-advanced-columns alignfull has-3-columns has-desktop-equal-layout has-tablet-equal-layout has-mobile-collapsedRows-layout has-vertical-flex-start ticss-7b5eb70a\"><div class=\"wp-block-themeisle-blocks-advanced-columns-overlay\"><\/div><div class=\"innerblocks-wrap\">\n<div id=\"wp-block-themeisle-blocks-advanced-column-2489d76c\" class=\"wp-block-themeisle-blocks-advanced-column\">\n<h3 id=\"wp-block-themeisle-blocks-advanced-heading-e30ccf77\" class=\"wp-block-themeisle-blocks-advanced-heading wp-block-themeisle-blocks-advanced-heading-e30ccf77\">Terminanfrage<\/h3>\n\n\n<div class=\"wp-block-image\">\n<figure class=\"aligncenter size-full is-resized\"><img loading=\"lazy\" decoding=\"async\" width=\"594\" height=\"594\" src=\"https:\/\/therapiepraxis-kompass.de\/wp-content\/uploads\/2024\/10\/liste-bild.png\" alt=\"\" class=\"wp-image-781\" style=\"width:199px;height:auto\" srcset=\"https:\/\/therapiepraxis-kompass.de\/wp-content\/uploads\/2024\/10\/liste-bild.png 594w, https:\/\/therapiepraxis-kompass.de\/wp-content\/uploads\/2024\/10\/liste-bild-300x300.png 300w, https:\/\/therapiepraxis-kompass.de\/wp-content\/uploads\/2024\/10\/liste-bild-150x150.png 150w\" sizes=\"auto, (max-width: 594px) 100vw, 594px\" \/><\/figure>\n<\/div>\n\n\n<p id=\"wp-block-themeisle-blocks-advanced-heading-fe18de7e\" class=\"wp-block-themeisle-blocks-advanced-heading wp-block-themeisle-blocks-advanced-heading-fe18de7e\"><strong><em>M\u00f6chten Sie f\u00fcr sich oder Ihr Kind Termine in der Logop\u00e4die oder Ergotherapie vereinbaren<\/em>, und m\u00f6chten sich auf unsere Warteliste eintragen?<\/strong><\/p>\n\n\n\n<div id=\"wp-block-themeisle-blocks-icon-list-fb8b7e9c\" class=\"wp-block-themeisle-blocks-icon-list\">\n<div id=\"wp-block-themeisle-blocks-icon-list-item-78a49dfc\" class=\"wp-block-themeisle-blocks-icon-list-item\"><i class=\"fas fa-check wp-block-themeisle-blocks-icon-list-item-icon\"><\/i><p class=\"wp-block-themeisle-blocks-icon-list-item-content\">wir ben\u00f6tigen nur Ihre Stammdaten                  <\/p><\/div>\n\n\n\n<div id=\"wp-block-themeisle-blocks-icon-list-item-f341b063\" class=\"wp-block-themeisle-blocks-icon-list-item\"><i class=\"fas fa-check wp-block-themeisle-blocks-icon-list-item-icon\"><\/i><p class=\"wp-block-themeisle-blocks-icon-list-item-content\">Teilen Sie uns Ihre bevorzugten Therapiezeiten oder Zeiten zu denen Sie nicht k\u00f6nnen mit.<\/p><\/div>\n\n\n\n<div id=\"wp-block-themeisle-blocks-icon-list-item-8216d9b3\" class=\"wp-block-themeisle-blocks-icon-list-item\"><i class=\"fas fa-check wp-block-themeisle-blocks-icon-list-item-icon\"><\/i><p class=\"wp-block-themeisle-blocks-icon-list-item-content\">Wir melden uns gerne bei Ihnen, sobald wir einen passenden Termin f\u00fcr Sie gefunden haben<\/p><\/div>\n<\/div>\n\n\n\n<div style=\"height:103px\" aria-hidden=\"true\" class=\"wp-block-spacer\"><\/div>\n\n\n\n<div class=\"wp-block-buttons is-vertical is-content-justification-center is-layout-flex wp-container-core-buttons-is-layout-cc3cdef1 wp-block-buttons-is-layout-flex\">\n<div class=\"wp-block-button has-custom-width wp-block-button__width-100 is-style-primary\"><a class=\"wp-block-button__link wp-element-button\" href=\"https:\/\/therapiepraxis-kompass.de\/?page_id=709\">Anmeldung &#8211; Warteliste<\/a><\/div>\n<\/div>\n<\/div>\n\n\n\n<div id=\"wp-block-themeisle-blocks-advanced-column-991b18b5\" class=\"wp-block-themeisle-blocks-advanced-column\">\n<h3 id=\"wp-block-themeisle-blocks-advanced-heading-6b0710bb\" class=\"wp-block-themeisle-blocks-advanced-heading wp-block-themeisle-blocks-advanced-heading-6b0710bb\">Online-Terminvergabe<\/h3>\n\n\n<div class=\"wp-block-image\">\n<figure class=\"aligncenter size-full is-resized\"><img loading=\"lazy\" decoding=\"async\" width=\"594\" height=\"594\" src=\"https:\/\/therapiepraxis-kompass.de\/wp-content\/uploads\/2024\/10\/terminplan-bild-1.png\" alt=\"\" class=\"wp-image-780\" style=\"width:197px;height:auto\" srcset=\"https:\/\/therapiepraxis-kompass.de\/wp-content\/uploads\/2024\/10\/terminplan-bild-1.png 594w, https:\/\/therapiepraxis-kompass.de\/wp-content\/uploads\/2024\/10\/terminplan-bild-1-300x300.png 300w, https:\/\/therapiepraxis-kompass.de\/wp-content\/uploads\/2024\/10\/terminplan-bild-1-150x150.png 150w\" sizes=\"auto, (max-width: 594px) 100vw, 594px\" \/><\/figure>\n<\/div>\n\n\n<p id=\"wp-block-themeisle-blocks-advanced-heading-36b869e4\" class=\"wp-block-themeisle-blocks-advanced-heading wp-block-themeisle-blocks-advanced-heading-36b869e4\"><em><strong>Um direkt online einen  Termin zu vereinbaren, gelangen Sie hier zu unserem Online-Terminplan<\/strong><\/em><\/p>\n\n\n\n<div id=\"wp-block-themeisle-blocks-icon-list-1ce3cb83\" class=\"wp-block-themeisle-blocks-icon-list\">\n<div id=\"wp-block-themeisle-blocks-icon-list-item-bd6e8ccf\" class=\"wp-block-themeisle-blocks-icon-list-item\"><i class=\"fas fa-check wp-block-themeisle-blocks-icon-list-item-icon\"><\/i><p class=\"wp-block-themeisle-blocks-icon-list-item-content\">kurze Registrierung mit Namen, email und Telefonnummer<\/p><\/div>\n\n\n\n<div id=\"wp-block-themeisle-blocks-icon-list-item-532bf0a9\" class=\"wp-block-themeisle-blocks-icon-list-item\"><i class=\"fas fa-check wp-block-themeisle-blocks-icon-list-item-icon\"><\/i><p class=\"wp-block-themeisle-blocks-icon-list-item-content\"><strong>Angabe einer g\u00fcltigen Heilmittelverordnung  notwendig<\/strong><\/p><\/div>\n\n\n\n<div id=\"wp-block-themeisle-blocks-icon-list-item-91e6d201\" class=\"wp-block-themeisle-blocks-icon-list-item\"><i class=\"fas fa-check wp-block-themeisle-blocks-icon-list-item-icon\"><\/i><p class=\"wp-block-themeisle-blocks-icon-list-item-content\">Die Termine sind erst nach erfolgter Best\u00e4tigung gebucht.<\/p><\/div>\n\n\n\n<div id=\"wp-block-themeisle-blocks-icon-list-item-0759ee69\" class=\"wp-block-themeisle-blocks-icon-list-item\"><i class=\"fas fa-check wp-block-themeisle-blocks-icon-list-item-icon\"><\/i><p class=\"wp-block-themeisle-blocks-icon-list-item-content\">auch Termin\u00e4nderungen und -absagen online m\u00f6glich<\/p><\/div>\n<\/div>\n\n\n\n<div style=\"height:89px\" aria-hidden=\"true\" class=\"wp-block-spacer\"><\/div>\n\n\n\n<div class=\"wp-block-buttons is-vertical is-content-justification-center is-layout-flex wp-container-core-buttons-is-layout-cc3cdef1 wp-block-buttons-is-layout-flex\">\n<div class=\"wp-block-button has-custom-width wp-block-button__width-100 is-style-primary\"><a class=\"wp-block-button__link wp-element-button\" href=\"https:\/\/otr.md-therapie.de\/WbhvgOay5NwJhwZb2v1mgF3iso61lLYc\/login\">Online Terminkalender<\/a><\/div>\n<\/div>\n<\/div>\n\n\n\n<div id=\"wp-block-themeisle-blocks-advanced-column-09158d16\" class=\"wp-block-themeisle-blocks-advanced-column ticss-3fe6b647\">\n<h3 id=\"wp-block-themeisle-blocks-advanced-heading-b3766bd8\" class=\"wp-block-themeisle-blocks-advanced-heading wp-block-themeisle-blocks-advanced-heading-b3766bd8\">Terminabsage<\/h3>\n\n\n<div class=\"wp-block-image\">\n<figure class=\"aligncenter size-full is-resized\"><img loading=\"lazy\" decoding=\"async\" width=\"594\" height=\"594\" src=\"https:\/\/therapiepraxis-kompass.de\/wp-content\/uploads\/2024\/10\/absage-bild.png\" alt=\"\" class=\"wp-image-782\" style=\"width:200px;height:auto\" srcset=\"https:\/\/therapiepraxis-kompass.de\/wp-content\/uploads\/2024\/10\/absage-bild.png 594w, https:\/\/therapiepraxis-kompass.de\/wp-content\/uploads\/2024\/10\/absage-bild-300x300.png 300w, https:\/\/therapiepraxis-kompass.de\/wp-content\/uploads\/2024\/10\/absage-bild-150x150.png 150w\" sizes=\"auto, (max-width: 594px) 100vw, 594px\" \/><\/figure>\n<\/div>\n\n\n<p id=\"wp-block-themeisle-blocks-advanced-heading-39d2e261\" class=\"wp-block-themeisle-blocks-advanced-heading wp-block-themeisle-blocks-advanced-heading-39d2e261\"><em><strong>K\u00f6nnen Sie einmal, aus einem wichtigen Grund, einen Termin nicht wahrnehmen, k\u00f6nnen Sie uns hier benachrichtigen.<\/strong><\/em><\/p>\n\n\n\n<div id=\"wp-block-themeisle-blocks-icon-list-2c744428\" class=\"wp-block-themeisle-blocks-icon-list\">\n<div id=\"wp-block-themeisle-blocks-icon-list-item-b78d20f0\" class=\"wp-block-themeisle-blocks-icon-list-item\"><i class=\"fas fa-check wp-block-themeisle-blocks-icon-list-item-icon\"><\/i><p class=\"wp-block-themeisle-blocks-icon-list-item-content\">Absagen, die sp\u00e4ter als 24 Stunden vor dem Termin erfolgen, m\u00fcssen wir Ihnen privat in Rechnung stellen, <strong>unabh\u00e4ngig vom Grund der Absage<\/strong>.<\/p><\/div>\n<\/div>\n\n\n\n<div style=\"height:64px\" aria-hidden=\"true\" class=\"wp-block-spacer\"><\/div>\n\n\n\n<div class=\"wp-block-buttons is-vertical is-content-justification-center is-layout-flex wp-container-core-buttons-is-layout-cc3cdef1 wp-block-buttons-is-layout-flex\">\n<div class=\"wp-block-button has-custom-width wp-block-button__width-100 is-style-primary\"><a class=\"wp-block-button__link wp-element-button\" href=\"https:\/\/wa.me\/4961179065678\">WhatsApp<\/a><\/div>\n\n\n\n<div class=\"wp-block-button has-custom-width wp-block-button__width-100 is-style-primary\"><a class=\"wp-block-button__link wp-element-button\" href=\"https:\/\/therapiepraxis-kompass.de\/?page_id=652\">Kontakt<\/a><\/div>\n\n\n\n<div class=\"wp-block-button has-custom-width wp-block-button__width-100 is-style-primary\"><a class=\"wp-block-button__link wp-element-button\" href=\"tel:+4961179065678\">Telefon 0611-79065678<\/a><\/div>\n\n\n\n<div class=\"wp-block-button has-custom-width wp-block-button__width-100 is-style-primary\"><a class=\"wp-block-button__link wp-element-button\" href=\"https:\/\/otr.md-therapie.de\/WbhvgOay5NwJhwZb2v1mgF3iso61lLYc\/login\">Online Terminkalender<\/a><\/div>\n<\/div>\n<\/div>\n<\/div><\/section>\n\n\n\n<p><strong>Unsere \u00d6ffnungszeiten<\/strong><\/p>\n\n\n\n<figure class=\"wp-block-table is-style-regular\"><table><tbody><tr><td><strong>Montag &#8211; Freitag<\/strong><\/td><td><strong>08:00 &#8211; 17:00<\/strong><\/td><\/tr><tr><td><strong>Samstag<\/strong><\/td><td>geschlossen<\/td><\/tr><\/tbody><\/table><figcaption class=\"wp-element-caption\"><strong>und nach Vereinbarung<\/strong><\/figcaption><\/figure>\n\n\n\n<div id=\"wp-block-themeisle-blocks-advanced-columns-f1f47e88\" class=\"wp-block-themeisle-blocks-advanced-columns has-4-columns has-desktop-equal-layout has-tablet-equal-layout has-mobile-collapsedRows-layout has-vertical-unset\"><div class=\"wp-block-themeisle-blocks-advanced-columns-overlay\"><\/div><div class=\"innerblocks-wrap\">\n<div id=\"wp-block-themeisle-blocks-advanced-column-a07cd50a\" class=\"wp-block-themeisle-blocks-advanced-column\"><div class=\"wp-block-image\">\n<figure class=\"aligncenter size-full is-resized\"><a href=\"https:\/\/wa.me\/4961179065678\"><img loading=\"lazy\" decoding=\"async\" width=\"48\" height=\"48\" src=\"https:\/\/therapiepraxis-kompass.de\/wp-content\/uploads\/2024\/06\/icons8-whatsapp-48.png\" alt=\"\" class=\"wp-image-667\" style=\"width:78px;height:auto\"\/><\/a><\/figure>\n<\/div><\/div>\n\n\n\n<div id=\"wp-block-themeisle-blocks-advanced-column-36fd9fed\" class=\"wp-block-themeisle-blocks-advanced-column\"><div class=\"wp-block-image\">\n<figure class=\"aligncenter size-full is-resized\"><a href=\"https:\/\/www.instagram.com\/therapiepraxiskompass\/\"><img loading=\"lazy\" decoding=\"async\" width=\"48\" height=\"48\" src=\"https:\/\/therapiepraxis-kompass.de\/wp-content\/uploads\/2024\/06\/icons8-instagram-48.png\" alt=\"\" class=\"wp-image-666\" style=\"width:75px;height:auto\"\/><\/a><\/figure>\n<\/div><\/div>\n\n\n\n<div id=\"wp-block-themeisle-blocks-advanced-column-879c8cd9\" class=\"wp-block-themeisle-blocks-advanced-column\"><div class=\"wp-block-image\">\n<figure class=\"aligncenter size-full is-resized\"><a href=\"https:\/\/www.facebook.com\/p\/Therapiepraxis-Kompass-100066962254860\/?locale=de_DE\"><img loading=\"lazy\" decoding=\"async\" width=\"48\" height=\"48\" src=\"https:\/\/therapiepraxis-kompass.de\/wp-content\/uploads\/2024\/06\/icons8-facebook-48.png\" alt=\"\" class=\"wp-image-665\" style=\"width:68px;height:auto\"\/><\/a><\/figure>\n<\/div><\/div>\n\n\n\n<div id=\"wp-block-themeisle-blocks-advanced-column-e9e0a325\" class=\"wp-block-themeisle-blocks-advanced-column\"><div class=\"wp-block-image\">\n<figure class=\"aligncenter size-full is-resized\"><a href=\"https:\/\/reviewforest.org\/praxis-kompass?_gl=1*31el7e*_gcl_au*ODc0Nzk4OTQ3LjE3MTc1ODExNzc.\"><img loading=\"lazy\" decoding=\"async\" width=\"264\" height=\"299\" src=\"https:\/\/therapiepraxis-kompass.de\/wp-content\/uploads\/2024\/06\/icon-reviewforest.png\" alt=\"\" class=\"wp-image-690\" style=\"width:57px;height:auto\"\/><\/a><\/figure>\n<\/div><\/div>\n<\/div><\/div>\n\n\n\n<div style=\"height:100px\" aria-hidden=\"true\" class=\"wp-block-spacer\"><\/div>\n","protected":false},"excerpt":{"rendered":"<p>Unsere \u00d6ffnungszeiten Montag &#8211; Freitag 08:00 &#8211; 17:00 Samstag geschlossen und nach Vereinbarung<\/p>\n","protected":false},"author":1,"featured_media":0,"parent":0,"menu_order":3,"comment_status":"closed","ping_status":"closed","template":"","meta":{"om_disable_all_campaigns":false,"_monsterinsights_skip_tracking":false,"_monsterinsights_sitenote_active":false,"_monsterinsights_sitenote_note":"","_monsterinsights_sitenote_category":0,"neve_meta_sidebar":"","neve_meta_container":"","neve_meta_enable_content_width":"","neve_meta_content_width":0,"neve_meta_title_alignment":"","neve_meta_author_avatar":"","neve_post_elements_order":"","neve_meta_disable_header":"","neve_meta_disable_footer":"","neve_meta_disable_title":"","_themeisle_gutenberg_block_has_review":false,"footnotes":""},"class_list":["post-81","page","type-page","status-publish","hentry"],"aioseo_notices":[],"_links":{"self":[{"href":"https:\/\/therapiepraxis-kompass.de\/index.php?rest_route=\/wp\/v2\/pages\/81","targetHints":{"allow":["GET"]}}],"collection":[{"href":"https:\/\/therapiepraxis-kompass.de\/index.php?rest_route=\/wp\/v2\/pages"}],"about":[{"href":"https:\/\/therapiepraxis-kompass.de\/index.php?rest_route=\/wp\/v2\/types\/page"}],"author":[{"embeddable":true,"href":"https:\/\/therapiepraxis-kompass.de\/index.php?rest_route=\/wp\/v2\/users\/1"}],"replies":[{"embeddable":true,"href":"https:\/\/therapiepraxis-kompass.de\/index.php?rest_route=%2Fwp%2Fv2%2Fcomments&post=81"}],"version-history":[{"count":39,"href":"https:\/\/therapiepraxis-kompass.de\/index.php?rest_route=\/wp\/v2\/pages\/81\/revisions"}],"predecessor-version":[{"id":800,"href":"https:\/\/therapiepraxis-kompass.de\/index.php?rest_route=\/wp\/v2\/pages\/81\/revisions\/800"}],"wp:attachment":[{"href":"https:\/\/therapiepraxis-kompass.de\/index.php?rest_route=%2Fwp%2Fv2%2Fmedia&parent=81"}],"curies":[{"name":"wp","href":"https:\/\/api.w.org\/{rel}","templated":true}]}}