{"id":440,"date":"2023-07-18T11:24:16","date_gmt":"2023-07-18T09:24:16","guid":{"rendered":"https:\/\/therapiepraxis-kompass.de\/?page_id=440"},"modified":"2024-06-19T12:07:10","modified_gmt":"2024-06-19T10:07:10","slug":"wald","status":"publish","type":"page","link":"https:\/\/therapiepraxis-kompass.de\/?page_id=440","title":{"rendered":"\u00d6ko? Logisch!"},"content":{"rendered":"\n<div id=\"wp-block-themeisle-blocks-popup-2036f152\" class=\"wp-block-themeisle-blocks-popup is-front\" data-dismiss=\"\" data-time=\"0\" data-anchor=\"\" data-offset=\"\" data-outside=\"true\" data-anchorclose=\"\"><div class=\"otter-popup__modal_wrap\"><div role=\"presentation\" class=\"otter-popup__modal_wrap_overlay\"><\/div><div class=\"otter-popup__modal_content\"><div class=\"otter-popup__modal_header\"><button type=\"button\" class=\"components-button has-icon\"><svg width=\"24\" height=\"24\" xmlns=\"http:\/\/www.w3.org\/2000\/svg\" viewBox=\"0 0 24 24\" role=\"img\" aria-hidden=\"true\"><path d=\"M12 13.06l3.712 3.713 1.061-1.06L13.061 12l3.712-3.712-1.06-1.06L12 10.938 8.288 7.227l-1.061 1.06L10.939 12l-3.712 3.712 1.06 1.061L12 13.061z\"><\/path><\/svg><\/button><\/div><div class=\"otter-popup__modal_body\">\n<p style=\"font-size:16px\"><\/p>\n\n\n\n<div id=\"wp-block-themeisle-blocks-advanced-columns-a62b8f2e\" class=\"wp-block-themeisle-blocks-advanced-columns has-2-columns has-desktop-twoOne-layout has-tablet-equal-layout has-mobile-collapsedRows-layout has-vertical-unset\"><div class=\"wp-block-themeisle-blocks-advanced-columns-overlay\"><\/div><div class=\"innerblocks-wrap\">\n<div id=\"wp-block-themeisle-blocks-advanced-column-a3b983d8\" class=\"wp-block-themeisle-blocks-advanced-column\">\n<h4>Wir freuen uns \u00fcber Ihre Bewertung!<\/h4>\n<p><strong>F\u00fcr jede abgegebene <span style=\"color: #3366ff;\"><a style=\"color: #3366ff;\" href=\"https:\/\/g.page\/r\/CWz8HFRJWCwREBM\/review\">Bewertung<\/a><\/span> pflanzt unser Parter &#8222;review-forest&#8220; einen Baum in unserem Namen!\u00a0<\/strong><\/p>\n<\/div>\n\n\n\n<div id=\"wp-block-themeisle-blocks-advanced-column-a5f11612\" class=\"wp-block-themeisle-blocks-advanced-column\"><div class=\"wp-block-image\">\n<figure class=\"alignright size-large is-resized\"><img loading=\"lazy\" decoding=\"async\" width=\"683\" height=\"1024\" src=\"https:\/\/therapiepraxis-kompass.de\/wp-content\/uploads\/2024\/06\/luana-azevedo-2X0Set_oSh8-unsplash-683x1024.jpg\" alt=\"\" class=\"wp-image-595\" style=\"width:162px;height:auto\" srcset=\"https:\/\/therapiepraxis-kompass.de\/wp-content\/uploads\/2024\/06\/luana-azevedo-2X0Set_oSh8-unsplash-683x1024.jpg 683w, https:\/\/therapiepraxis-kompass.de\/wp-content\/uploads\/2024\/06\/luana-azevedo-2X0Set_oSh8-unsplash-200x300.jpg 200w, https:\/\/therapiepraxis-kompass.de\/wp-content\/uploads\/2024\/06\/luana-azevedo-2X0Set_oSh8-unsplash-768x1152.jpg 768w, https:\/\/therapiepraxis-kompass.de\/wp-content\/uploads\/2024\/06\/luana-azevedo-2X0Set_oSh8-unsplash-1024x1536.jpg 1024w, https:\/\/therapiepraxis-kompass.de\/wp-content\/uploads\/2024\/06\/luana-azevedo-2X0Set_oSh8-unsplash-1365x2048.jpg 1365w, https:\/\/therapiepraxis-kompass.de\/wp-content\/uploads\/2024\/06\/luana-azevedo-2X0Set_oSh8-unsplash-scaled.jpg 1707w\" sizes=\"auto, (max-width: 683px) 100vw, 683px\" \/><\/figure>\n<\/div><\/div>\n<\/div><\/div>\n\n\n<div class=\"wp-block-image\">\n<figure class=\"aligncenter size-full is-resized\"><a href=\"reviewforest.org\/praxis-kompass\"><img loading=\"lazy\" decoding=\"async\" width=\"500\" height=\"500\" src=\"https:\/\/therapiepraxis-kompass.de\/wp-content\/uploads\/2024\/06\/qrcode_114367529_dfe29daab7b89b64c6c39c596ef12ba7.png\" alt=\"\" class=\"wp-image-617\" style=\"width:165px;height:auto\" srcset=\"https:\/\/therapiepraxis-kompass.de\/wp-content\/uploads\/2024\/06\/qrcode_114367529_dfe29daab7b89b64c6c39c596ef12ba7.png 500w, https:\/\/therapiepraxis-kompass.de\/wp-content\/uploads\/2024\/06\/qrcode_114367529_dfe29daab7b89b64c6c39c596ef12ba7-300x300.png 300w, https:\/\/therapiepraxis-kompass.de\/wp-content\/uploads\/2024\/06\/qrcode_114367529_dfe29daab7b89b64c6c39c596ef12ba7-150x150.png 150w\" sizes=\"auto, (max-width: 500px) 100vw, 500px\" \/><\/a><\/figure>\n<\/div><\/div><\/div><\/div><\/div>\n\n\n\n<div id=\"wp-block-themeisle-blocks-slider-4331a283\" class=\"wp-block-themeisle-blocks-slider glide\" data-per-view=\"1\" data-gap=\"0\" data-peek=\"0\" data-autoplay=\"true\" data-height=\"400px\" data-hide-arrows=\"false\"><div class=\"glide__track\" data-glide-el=\"track\"><div class=\"glide__slides\"><div class=\"wp-block-themeisle-blocks-slider-item-wrapper glide__slide\" tabindex=\"0\"><figure><img decoding=\"async\" class=\"wp-block-themeisle-blocks-slider-item\" src=\"https:\/\/therapiepraxis-kompass.de\/wp-content\/uploads\/2023\/07\/Therapiepraxis-Kompass-2.png\" alt=\"\" title=\"\" data-id=\"447\"\/><\/figure><\/div><div class=\"wp-block-themeisle-blocks-slider-item-wrapper glide__slide\" tabindex=\"0\"><figure><img decoding=\"async\" class=\"wp-block-themeisle-blocks-slider-item\" src=\"https:\/\/therapiepraxis-kompass.de\/wp-content\/uploads\/2024\/06\/PicRetouch_20240325_125423398.jpeg\" alt=\"\" title=\"\" data-id=\"610\"\/><\/figure><\/div><div class=\"wp-block-themeisle-blocks-slider-item-wrapper glide__slide\" tabindex=\"0\"><figure><img decoding=\"async\" class=\"wp-block-themeisle-blocks-slider-item\" src=\"https:\/\/therapiepraxis-kompass.de\/wp-content\/uploads\/2024\/06\/pexels-karolina-grabowska-4207909-scaled.jpg\" alt=\"\" title=\"\" data-id=\"612\"\/><\/figure><\/div><div class=\"wp-block-themeisle-blocks-slider-item-wrapper glide__slide\" tabindex=\"0\"><figure><img decoding=\"async\" class=\"wp-block-themeisle-blocks-slider-item\" src=\"https:\/\/therapiepraxis-kompass.de\/wp-content\/uploads\/2022\/06\/reviewforest-1.png\" alt=\"\" title=\"\" data-id=\"123\"\/><\/figure><\/div><div class=\"wp-block-themeisle-blocks-slider-item-wrapper glide__slide\" tabindex=\"0\"><figure><img decoding=\"async\" class=\"wp-block-themeisle-blocks-slider-item\" src=\"https:\/\/therapiepraxis-kompass.de\/wp-content\/uploads\/2024\/06\/pexels-samforson-243138-scaled.jpg\" alt=\"\" title=\"\" data-id=\"613\"\/><\/figure><\/div><\/div><div class=\"glide__bullets\" data-glide-el=\"controls[nav]\"><button class=\"glide__bullet\" data-glide-dir=\"=0\"><\/button><button class=\"glide__bullet\" data-glide-dir=\"=1\"><\/button><button class=\"glide__bullet\" data-glide-dir=\"=2\"><\/button><button class=\"glide__bullet\" data-glide-dir=\"=3\"><\/button><button class=\"glide__bullet\" data-glide-dir=\"=4\"><\/button><\/div><\/div><\/div>\n\n\n<p><strong>Unsere Umwelt liegt uns allen am Herzen. Wir m\u00f6chten mit unserer Arbeit ein kleines St\u00fcck dazu beitragen, unseren sch\u00f6nen, blauen Planeten zu bewahren und f\u00fcr unsere Kinder lebenswert zu erhalten. Unsere Praxis wird mit Strom aus 100%\u00a0 nat\u00fcrlichen Energiequellen betrieben und wir arbeiten CO\u00b2-bewusst. Sie k\u00f6nnen uns mit Ihrer Google\u2122-Bewertung ebenfalls unterst\u00fctzen!<\/strong><\/p>\n<p><strong>Mit jeder abgegebenen Google\u2122-Rezension oder Sternebewertung pflanzen wir einen neuen Baum, gemeinsam mit unserem Partner &#8222;review-forest&#8220;.<\/strong><\/p>\n\n\n<script>\n      (function (w, d, s, o, f, js, fjs) {\n        w[\"Forest-Widget\"] = o;\n        w[o] = w[o] || function() {\n          (w[o].q = w[o].q || []).push(arguments);\n        };\n        (js = d.createElement(s)), (fjs = d.getElementsByTagName(s)[0]);\n        js.id = o;\n        js.src = f;\n        js.async = 1;\n        fjs.parentNode.insertBefore(js, fjs);\n      })(window, document, \"script\", \"mw\", \"https:\/\/widget-v2.reviewforest.org\/scripts.js\");\n      mw(\"amount\", {\n        id: \"608191a0d5e95666547e1e88\",\n        location: \"608191a0698f453442753407\",\n        autoScroll: true,\n        lang: \"de\"\n      });\n<\/script>\n\n\n\n<div id=\"rfw\"><\/div>\n\n\n\n<div style=\"height:100px\" aria-hidden=\"true\" class=\"wp-block-spacer\"><\/div>\n\n\n\n<div id=\"wp-block-themeisle-blocks-advanced-columns-f1f47e88\" class=\"wp-block-themeisle-blocks-advanced-columns has-4-columns has-desktop-equal-layout has-tablet-equal-layout has-mobile-collapsedRows-layout has-vertical-unset\"><div class=\"wp-block-themeisle-blocks-advanced-columns-overlay\"><\/div><div class=\"innerblocks-wrap\">\n<div id=\"wp-block-themeisle-blocks-advanced-column-a07cd50a\" class=\"wp-block-themeisle-blocks-advanced-column\"><div class=\"wp-block-image\">\n<figure class=\"aligncenter size-full is-resized\"><a href=\"https:\/\/wa.me\/4961179065678\"><img loading=\"lazy\" decoding=\"async\" width=\"48\" height=\"48\" src=\"https:\/\/therapiepraxis-kompass.de\/wp-content\/uploads\/2024\/06\/icons8-whatsapp-48.png\" alt=\"\" class=\"wp-image-667\" style=\"width:78px;height:auto\"\/><\/a><\/figure>\n<\/div><\/div>\n\n\n\n<div id=\"wp-block-themeisle-blocks-advanced-column-36fd9fed\" class=\"wp-block-themeisle-blocks-advanced-column\"><div class=\"wp-block-image\">\n<figure class=\"aligncenter size-full is-resized\"><a href=\"https:\/\/www.instagram.com\/therapiepraxiskompass\/\"><img loading=\"lazy\" decoding=\"async\" width=\"48\" height=\"48\" src=\"https:\/\/therapiepraxis-kompass.de\/wp-content\/uploads\/2024\/06\/icons8-instagram-48.png\" alt=\"\" class=\"wp-image-666\" style=\"width:75px;height:auto\"\/><\/a><\/figure>\n<\/div><\/div>\n\n\n\n<div id=\"wp-block-themeisle-blocks-advanced-column-879c8cd9\" class=\"wp-block-themeisle-blocks-advanced-column\"><div class=\"wp-block-image\">\n<figure class=\"aligncenter size-full is-resized\"><a href=\"https:\/\/www.facebook.com\/p\/Therapiepraxis-Kompass-100066962254860\/?locale=de_DE\"><img loading=\"lazy\" decoding=\"async\" width=\"48\" height=\"48\" src=\"https:\/\/therapiepraxis-kompass.de\/wp-content\/uploads\/2024\/06\/icons8-facebook-48.png\" alt=\"\" class=\"wp-image-665\" style=\"width:68px;height:auto\"\/><\/a><\/figure>\n<\/div><\/div>\n\n\n\n<div id=\"wp-block-themeisle-blocks-advanced-column-e9e0a325\" class=\"wp-block-themeisle-blocks-advanced-column\"><div class=\"wp-block-image\">\n<figure class=\"aligncenter size-full is-resized\"><a href=\"https:\/\/reviewforest.org\/praxis-kompass?_gl=1*31el7e*_gcl_au*ODc0Nzk4OTQ3LjE3MTc1ODExNzc.\"><img loading=\"lazy\" decoding=\"async\" width=\"264\" height=\"299\" src=\"https:\/\/therapiepraxis-kompass.de\/wp-content\/uploads\/2024\/06\/icon-reviewforest.png\" alt=\"\" class=\"wp-image-690\" style=\"width:57px;height:auto\"\/><\/a><\/figure>\n<\/div><\/div>\n<\/div><\/div>\n\n\n\n<p><\/p>\n\n\n\n<div style=\"height:100px\" aria-hidden=\"true\" class=\"wp-block-spacer\"><\/div>\n","protected":false},"excerpt":{"rendered":"<p>Unsere Umwelt liegt uns allen am Herzen. Wir m\u00f6chten mit unserer Arbeit ein kleines St\u00fcck dazu beitragen, unseren sch\u00f6nen, blauen Planeten zu bewahren und f\u00fcr unsere Kinder lebenswert zu erhalten.&hellip;&nbsp;<a href=\"https:\/\/therapiepraxis-kompass.de\/?page_id=440\" rel=\"bookmark\">Weiterlesen &raquo;<span class=\"screen-reader-text\">\u00d6ko? Logisch!<\/span><\/a><\/p>\n","protected":false},"author":1,"featured_media":0,"parent":0,"menu_order":0,"comment_status":"closed","ping_status":"closed","template":"","meta":{"om_disable_all_campaigns":false,"_monsterinsights_skip_tracking":false,"_monsterinsights_sitenote_active":false,"_monsterinsights_sitenote_note":"","_monsterinsights_sitenote_category":0,"neve_meta_sidebar":"","neve_meta_container":"","neve_meta_enable_content_width":"","neve_meta_content_width":0,"neve_meta_title_alignment":"","neve_meta_author_avatar":"","neve_post_elements_order":"","neve_meta_disable_header":"","neve_meta_disable_footer":"","neve_meta_disable_title":"","_themeisle_gutenberg_block_has_review":false,"footnotes":""},"class_list":["post-440","page","type-page","status-publish","hentry"],"aioseo_notices":[],"_links":{"self":[{"href":"https:\/\/therapiepraxis-kompass.de\/index.php?rest_route=\/wp\/v2\/pages\/440","targetHints":{"allow":["GET"]}}],"collection":[{"href":"https:\/\/therapiepraxis-kompass.de\/index.php?rest_route=\/wp\/v2\/pages"}],"about":[{"href":"https:\/\/therapiepraxis-kompass.de\/index.php?rest_route=\/wp\/v2\/types\/page"}],"author":[{"embeddable":true,"href":"https:\/\/therapiepraxis-kompass.de\/index.php?rest_route=\/wp\/v2\/users\/1"}],"replies":[{"embeddable":true,"href":"https:\/\/therapiepraxis-kompass.de\/index.php?rest_route=%2Fwp%2Fv2%2Fcomments&post=440"}],"version-history":[{"count":18,"href":"https:\/\/therapiepraxis-kompass.de\/index.php?rest_route=\/wp\/v2\/pages\/440\/revisions"}],"predecessor-version":[{"id":729,"href":"https:\/\/therapiepraxis-kompass.de\/index.php?rest_route=\/wp\/v2\/pages\/440\/revisions\/729"}],"wp:attachment":[{"href":"https:\/\/therapiepraxis-kompass.de\/index.php?rest_route=%2Fwp%2Fv2%2Fmedia&parent=440"}],"curies":[{"name":"wp","href":"https:\/\/api.w.org\/{rel}","templated":true}]}}