{"id":330,"date":"2023-07-04T14:14:23","date_gmt":"2023-07-04T12:14:23","guid":{"rendered":"https:\/\/therapiepraxis-kompass.de\/?page_id=330"},"modified":"2024-10-10T10:42:09","modified_gmt":"2024-10-10T08:42:09","slug":"jobs","status":"publish","type":"page","link":"https:\/\/therapiepraxis-kompass.de\/?page_id=330","title":{"rendered":"Jobs"},"content":{"rendered":"\n<p><strong>Logop\u00e4de \/ Logop\u00e4din (m\/w\/d)<\/strong><\/p>\n\n\n\n<p><strong>akadem. Sprachtherapeut \/ Sprachtherapeutin (m\/w\/d)<\/strong><\/p>\n\n\n\n<p><strong>Ergotherapeut \/ Ergotherapeutin (m\/w\/d)<\/strong><\/p>\n\n\n\n<div id=\"wp-block-themeisle-blocks-popup-07f9f220\" class=\"wp-block-themeisle-blocks-popup is-front\" data-dismiss=\"\" data-time=\"0\" data-anchor=\"\" data-offset=\"\" data-outside=\"true\" data-anchorclose=\"\"><div class=\"otter-popup__modal_wrap\"><div role=\"presentation\" class=\"otter-popup__modal_wrap_overlay\"><\/div><div class=\"otter-popup__modal_content\"><div class=\"otter-popup__modal_header\"><button type=\"button\" class=\"components-button has-icon\"><svg width=\"24\" height=\"24\" xmlns=\"http:\/\/www.w3.org\/2000\/svg\" viewBox=\"0 0 24 24\" role=\"img\" aria-hidden=\"true\"><path d=\"M12 13.06l3.712 3.713 1.061-1.06L13.061 12l3.712-3.712-1.06-1.06L12 10.938 8.288 7.227l-1.061 1.06L10.939 12l-3.712 3.712 1.06 1.061L12 13.061z\"><\/path><\/svg><\/button><\/div><div class=\"otter-popup__modal_body\">\n<p style=\"font-size:16px\">Add your content.<\/p>\n\n\n\n<div id=\"wp-block-themeisle-blocks-advanced-columns-6022dfe5\" class=\"wp-block-themeisle-blocks-advanced-columns has-2-columns has-desktop-twoOne-layout has-tablet-equal-layout has-mobile-collapsedRows-layout has-vertical-unset\"><div class=\"wp-block-themeisle-blocks-advanced-columns-overlay\"><\/div><div class=\"innerblocks-wrap\">\n<div id=\"wp-block-themeisle-blocks-advanced-column-9d9d0fc2\" class=\"wp-block-themeisle-blocks-advanced-column\">\n<figure class=\"wp-block-video\"><video height=\"1280\" style=\"aspect-ratio: 720 \/ 1280;\" width=\"720\" controls src=\"https:\/\/therapiepraxis-kompass.de\/wp-content\/uploads\/2024\/10\/Animoto_video_356971998_720x1280_F30.mp4\"><\/video><\/figure>\n<\/div>\n\n\n\n<div id=\"wp-block-themeisle-blocks-advanced-column-ec37e1b0\" class=\"wp-block-themeisle-blocks-advanced-column\">\n<p><\/p>\n\n\n\n<p><\/p>\n\n\n\n<h2 id=\"wp-block-themeisle-blocks-advanced-heading-f0e87add\" class=\"wp-block-themeisle-blocks-advanced-heading wp-block-themeisle-blocks-advanced-heading-f0e87add\">&#8230;und wonach suchst Du?<\/h2>\n<\/div>\n<\/div><\/div>\n<\/div><\/div><\/div><\/div>\n\n\n\n<div id=\"wp-block-themeisle-blocks-advanced-columns-5cd8d2ac\" class=\"wp-block-themeisle-blocks-advanced-columns has-2-columns has-desktop-twoOne-layout has-tablet-equal-layout has-mobile-collapsedRows-layout has-vertical-unset\"><div class=\"wp-block-themeisle-blocks-advanced-columns-overlay\"><\/div><div class=\"innerblocks-wrap\">\n<div id=\"wp-block-themeisle-blocks-advanced-column-208cecc2\" class=\"wp-block-themeisle-blocks-advanced-column\">\n<p>Wir bieten unseren Patienten individuell angepasste Therapien und legen gro\u00dfen Wert darauf, dass diese in einer angenehmen und <strong>vertrauensvollen Atmosph\u00e4re<\/strong> stattfindet. Unser Team besteht aus erfahrenen und motivierten Ergotherapeutinnen und Logop\u00e4d\/innen, die mit viel Freude und Engagement arbeiten. Dabei setzen wir auf eine enge <strong>Zusammenarbeit<\/strong> mit \u00c4rzten, anderen Therapeuten und Fr\u00fchf\u00f6rderstellen, um unseren Patienten eine <strong>bestm\u00f6gliche Betreuung<\/strong> zu erm\u00f6glichen. Wir m\u00f6chten unseren Patienten nicht nur dabei helfen, ihre F\u00e4higkeiten und ihre Lebensqualit\u00e4t zu verbessern, sondern auch dazu beitragen, dass sie sich bei uns <strong>gut aufgehoben<\/strong> f\u00fchlen.<\/p>\n<h6 style=\"text-align: center;\"><strong>Wenn Du Teil unseres Teams werden m\u00f6chtest, erwarten Dich:<\/strong><\/h6>\n<ul>\n<li><strong>abwechslungsreiche<\/strong> Aufgaben<\/li>\n<li>ein <strong>sympathisches<\/strong> Team<\/li>\n<li>ein <strong>angenehmes<\/strong> Arbeitsumfeld<\/li>\n<li><strong>ausreichend Zeit<\/strong> f\u00fcr organisatorische Aufgaben<\/li>\n<li>die m\u00f6gliche Aufnahme in die Klinikrente<\/li>\n<li>weitere m\u00f6gliche <strong>Benefits<\/strong> wie z. B. ein Fahrradleasing<\/li>\n<li>Zusch\u00fcsse zur Gesundheitsvorsorge<\/li>\n<li>\u00dcbernahme von Fortbildungskosten, Sowie extra Fortbildungsurlaub<\/li>\n<li>eine kostenlose, betriebliche Krankenzusatzversicherung (<em>f\u00fcr Zahnersatz, Brillen, Osteopathie, IGe-Leistungen etc<\/em>.)<\/li>\n<li>ein <strong>tarifliches Gehalt<\/strong>, inklusive Umsatzbeteiligung<\/li>\n<li>durchdachte, <strong>familienkompatible Arbeitszeiten<\/strong> mit einer guten Work-Life-Balance<\/li>\n<\/ul>\n<p>und vieles mehr!<\/p>\n<p>Wir freuen uns auf Deine Bewerbung als therapeutische Verst\u00e4rkung (m\/w\/d) im Bereich <strong>Logop\u00e4die\/Sprachtherapie<\/strong> , sowie <strong>Ergotherapie<\/strong> in Teil- oder Vollzeit.\u00a0<\/p>\n<ul>\n<li>Berufsanf\u00e4nger<em>innen sind ebenso willkommen wie \u201egestandene \u201c Therapeut<\/em>innen.<\/li>\n<li>Spezialisierungen sind bei uns selbstverst\u00e4ndlich m\u00f6glich!<\/li>\n<\/ul>\n<h6 style=\"text-align: center;\"><strong>Deine Aufgabenbereiche:<\/strong><\/h6>\n<p>Du f\u00fchrst <strong>logop\u00e4dische\u00a0 Behandlungen<\/strong> oder <strong>ergotherapeutische Behandlungen<\/strong> im Einzel- und Gruppensetting durch. Dabei ber\u00fccksichtigst Du die Erfordernisse des jeweiligen Rehabilitationsprozesses in Absprache mit den behandelnden \u00c4rzten.<\/p>\n<p>In Absprache mit den Kolleg*innen aus der Ergotherapie \/ Logop\u00e4die behandelst Du die Patienten auch <strong>interdisziplin\u00e4r<\/strong>.<\/p>\n<p>Du bist verantwortlich f\u00fcr die <strong>Planung und Durchf\u00fchrung<\/strong> von logop\u00e4dischen Einzel-und Gruppenbehandlungen<\/p>\n<p>Du \u00fcbernimmst die <strong>Dokumentationserstellung <\/strong>und Berichterstellung<\/p>\n<p>Du f\u00fchrst Eltern- und <strong>Angeh\u00f6rigenberatung<\/strong>, sowie Gespr\u00e4chstermine mit Integrationsstellen, Schulen oder Kinderg\u00e4rten durch.<\/p>\n<h6 style=\"text-align: center;\"><strong>Qualifikationen:<\/strong><\/h6>\n<p><strong>Empathie und Wertsch\u00e4tzung<\/strong> sind f\u00fcr Dich zentrale Bestandteile der T\u00e4tigkeit.<\/p>\n<p>Empathie im Umgang mit Patienten und Angeh\u00f6rigen zeichnet Dich aus<\/p>\n<p>Du bist es gewohnt <strong>eigenst\u00e4ndig<\/strong> zu arbeiten und willst Dich selbst <strong>weiterentwickeln<\/strong>.<\/p>\n<p>Idealerweise hast Du bereits Erfahrungen in der Teamarbeit.<\/p>\n<p>Wenn wir Dein Interesse geweckt haben, sende uns gerne\u00a0 Deine Bewerbung an:<\/p>\n<pre>Sven Ke\u00dfler<br \/><br \/>Therapiepraxis Kompass<br \/>Kleine Frankfurter Str. 2<br \/>65189 Wiesbaden<br \/><br \/>oder per Email an:<br \/><a href=\"mailto:s.kessler@therapiepraxis-kompass.de\">s.kessler@therapiepraxis-kompass.de<\/a><\/pre>\n<\/div>\n\n\n\n<div id=\"wp-block-themeisle-blocks-advanced-column-2ab99445\" class=\"wp-block-themeisle-blocks-advanced-column\"><div class=\"wp-block-image\">\n<figure class=\"alignright size-large\"><img loading=\"lazy\" decoding=\"async\" width=\"684\" height=\"1024\" src=\"https:\/\/therapiepraxis-kompass.de\/wp-content\/uploads\/2024\/06\/pexels-cottonbro-4065895-684x1024.jpg\" alt=\"\" class=\"wp-image-608\" srcset=\"https:\/\/therapiepraxis-kompass.de\/wp-content\/uploads\/2024\/06\/pexels-cottonbro-4065895-684x1024.jpg 684w, https:\/\/therapiepraxis-kompass.de\/wp-content\/uploads\/2024\/06\/pexels-cottonbro-4065895-200x300.jpg 200w, https:\/\/therapiepraxis-kompass.de\/wp-content\/uploads\/2024\/06\/pexels-cottonbro-4065895-768x1150.jpg 768w, https:\/\/therapiepraxis-kompass.de\/wp-content\/uploads\/2024\/06\/pexels-cottonbro-4065895-1026x1536.jpg 1026w, https:\/\/therapiepraxis-kompass.de\/wp-content\/uploads\/2024\/06\/pexels-cottonbro-4065895-1368x2048.jpg 1368w, https:\/\/therapiepraxis-kompass.de\/wp-content\/uploads\/2024\/06\/pexels-cottonbro-4065895-scaled.jpg 1710w\" sizes=\"auto, (max-width: 684px) 100vw, 684px\" \/><\/figure>\n<\/div><\/div>\n<\/div><\/div>\n\n\n\n<div style=\"height:100px\" aria-hidden=\"true\" class=\"wp-block-spacer\"><\/div>\n\n\n\n<div id=\"wp-block-themeisle-blocks-advanced-columns-f1f47e88\" class=\"wp-block-themeisle-blocks-advanced-columns has-4-columns has-desktop-equal-layout has-tablet-equal-layout has-mobile-collapsedRows-layout has-vertical-unset\"><div class=\"wp-block-themeisle-blocks-advanced-columns-overlay\"><\/div><div class=\"innerblocks-wrap\">\n<div id=\"wp-block-themeisle-blocks-advanced-column-a07cd50a\" class=\"wp-block-themeisle-blocks-advanced-column\"><div class=\"wp-block-image\">\n<figure class=\"aligncenter size-full is-resized\"><a href=\"https:\/\/wa.me\/4961179065678\"><img loading=\"lazy\" decoding=\"async\" width=\"48\" height=\"48\" src=\"https:\/\/therapiepraxis-kompass.de\/wp-content\/uploads\/2024\/06\/icons8-whatsapp-48.png\" alt=\"\" class=\"wp-image-667\" style=\"width:78px;height:auto\"\/><\/a><\/figure>\n<\/div><\/div>\n\n\n\n<div id=\"wp-block-themeisle-blocks-advanced-column-36fd9fed\" class=\"wp-block-themeisle-blocks-advanced-column\"><div class=\"wp-block-image\">\n<figure class=\"aligncenter size-full is-resized\"><a href=\"https:\/\/www.instagram.com\/therapiepraxiskompass\/\"><img loading=\"lazy\" decoding=\"async\" width=\"48\" height=\"48\" src=\"https:\/\/therapiepraxis-kompass.de\/wp-content\/uploads\/2024\/06\/icons8-instagram-48.png\" alt=\"\" class=\"wp-image-666\" style=\"width:75px;height:auto\"\/><\/a><\/figure>\n<\/div><\/div>\n\n\n\n<div id=\"wp-block-themeisle-blocks-advanced-column-879c8cd9\" class=\"wp-block-themeisle-blocks-advanced-column\"><div class=\"wp-block-image\">\n<figure class=\"aligncenter size-full is-resized\"><a href=\"https:\/\/www.facebook.com\/p\/Therapiepraxis-Kompass-100066962254860\/?locale=de_DE\"><img loading=\"lazy\" decoding=\"async\" width=\"48\" height=\"48\" src=\"https:\/\/therapiepraxis-kompass.de\/wp-content\/uploads\/2024\/06\/icons8-facebook-48.png\" alt=\"\" class=\"wp-image-665\" style=\"width:68px;height:auto\"\/><\/a><\/figure>\n<\/div><\/div>\n\n\n\n<div id=\"wp-block-themeisle-blocks-advanced-column-e9e0a325\" class=\"wp-block-themeisle-blocks-advanced-column\"><div class=\"wp-block-image\">\n<figure class=\"aligncenter size-full is-resized\"><a href=\"https:\/\/reviewforest.org\/praxis-kompass?_gl=1*31el7e*_gcl_au*ODc0Nzk4OTQ3LjE3MTc1ODExNzc.\"><img loading=\"lazy\" decoding=\"async\" width=\"264\" height=\"299\" src=\"https:\/\/therapiepraxis-kompass.de\/wp-content\/uploads\/2024\/06\/icon-reviewforest.png\" alt=\"\" class=\"wp-image-690\" style=\"width:57px;height:auto\"\/><\/a><\/figure>\n<\/div><\/div>\n<\/div><\/div>\n\n\n\n<p><\/p>\n\n\n\n<div style=\"height:100px\" aria-hidden=\"true\" class=\"wp-block-spacer\"><\/div>\n","protected":false},"excerpt":{"rendered":"<p>Logop\u00e4de \/ Logop\u00e4din (m\/w\/d) akadem. Sprachtherapeut \/ Sprachtherapeutin (m\/w\/d) Ergotherapeut \/ Ergotherapeutin (m\/w\/d)<\/p>\n","protected":false},"author":1,"featured_media":0,"parent":0,"menu_order":0,"comment_status":"closed","ping_status":"closed","template":"","meta":{"om_disable_all_campaigns":false,"_monsterinsights_skip_tracking":false,"_monsterinsights_sitenote_active":false,"_monsterinsights_sitenote_note":"","_monsterinsights_sitenote_category":0,"neve_meta_sidebar":"","neve_meta_container":"","neve_meta_enable_content_width":"","neve_meta_content_width":0,"neve_meta_title_alignment":"","neve_meta_author_avatar":"","neve_post_elements_order":"","neve_meta_disable_header":"","neve_meta_disable_footer":"","neve_meta_disable_title":"","_themeisle_gutenberg_block_has_review":false,"footnotes":""},"class_list":["post-330","page","type-page","status-publish","hentry"],"aioseo_notices":[],"_links":{"self":[{"href":"https:\/\/therapiepraxis-kompass.de\/index.php?rest_route=\/wp\/v2\/pages\/330","targetHints":{"allow":["GET"]}}],"collection":[{"href":"https:\/\/therapiepraxis-kompass.de\/index.php?rest_route=\/wp\/v2\/pages"}],"about":[{"href":"https:\/\/therapiepraxis-kompass.de\/index.php?rest_route=\/wp\/v2\/types\/page"}],"author":[{"embeddable":true,"href":"https:\/\/therapiepraxis-kompass.de\/index.php?rest_route=\/wp\/v2\/users\/1"}],"replies":[{"embeddable":true,"href":"https:\/\/therapiepraxis-kompass.de\/index.php?rest_route=%2Fwp%2Fv2%2Fcomments&post=330"}],"version-history":[{"count":20,"href":"https:\/\/therapiepraxis-kompass.de\/index.php?rest_route=\/wp\/v2\/pages\/330\/revisions"}],"predecessor-version":[{"id":815,"href":"https:\/\/therapiepraxis-kompass.de\/index.php?rest_route=\/wp\/v2\/pages\/330\/revisions\/815"}],"wp:attachment":[{"href":"https:\/\/therapiepraxis-kompass.de\/index.php?rest_route=%2Fwp%2Fv2%2Fmedia&parent=330"}],"curies":[{"name":"wp","href":"https:\/\/api.w.org\/{rel}","templated":true}]}}