{"id":2,"date":"2022-06-13T19:59:02","date_gmt":"2022-06-13T17:59:02","guid":{"rendered":"https:\/\/therapiepraxis-kompass.de\/?page_id=2"},"modified":"2024-06-19T12:03:31","modified_gmt":"2024-06-19T10:03:31","slug":"sample-page","status":"publish","type":"page","link":"https:\/\/therapiepraxis-kompass.de\/?page_id=2","title":{"rendered":"Ergotherapie"},"content":{"rendered":"\n<div id=\"wp-block-themeisle-blocks-popup-b4cba23e\" class=\"wp-block-themeisle-blocks-popup is-front has-light-bg\" data-open=\"onLoad\" data-dismiss=\"\" data-time=\"1\" data-anchor=\"\" data-offset=\"\" data-outside=\"true\" data-anchorclose=\"\"><div class=\"otter-popup__modal_wrap\"><div role=\"presentation\" class=\"otter-popup__modal_wrap_overlay\"><\/div><div class=\"otter-popup__modal_content\"><div class=\"otter-popup__modal_body\">\n<div id=\"wp-block-themeisle-blocks-advanced-columns-cfe7513a\" class=\"wp-block-themeisle-blocks-advanced-columns has-2-columns has-desktop-equal-layout has-tablet-equal-layout has-mobile-collapsedRows-layout has-reverse-columns-mobile has-vertical-center\"><div class=\"wp-block-themeisle-blocks-advanced-columns-overlay\"><\/div><div class=\"innerblocks-wrap\">\n<div id=\"wp-block-themeisle-blocks-advanced-column-d378d3d7\" class=\"wp-block-themeisle-blocks-advanced-column\">\n<p id=\"wp-block-themeisle-blocks-advanced-heading-f941896a\" class=\"wp-block-themeisle-blocks-advanced-heading wp-block-themeisle-blocks-advanced-heading-f941896a\"><strong>Ergotherapie<\/strong><\/p>\n\n\n\n<h2 id=\"wp-block-themeisle-blocks-advanced-heading-97f6695c\" class=\"wp-block-themeisle-blocks-advanced-heading wp-block-themeisle-blocks-advanced-heading-97f6695c\">Was ist das?<\/h2>\n\n\n\n<p>&#8222;Ergotherapie unterst\u00fctzt und begleitet Menschen jeden Alters, die in ihrer Handlungsf\u00e4higkeit eingeschr\u00e4nkt oder von Einschr\u00e4nkung bedroht sind. Ziel ist, sie bei der Durchf\u00fchrung f\u00fcr sie bedeutungsvoller Bet\u00e4tigungen in den Bereichen Selbstversorgung, Produktivit\u00e4t und Freizeit in ihrer pers\u00f6nlichen Umwelt zu st\u00e4rken.<br>Hierbei dienen spezifische Aktivit\u00e4ten, Umweltanpassung und Beratung dazu, dem Menschen Handlungsf\u00e4higkeit im Alltag, gesellschaftliche Teilhabe und eine Verbesserung seiner Lebensqualit\u00e4t zu erm\u00f6glichen.&#8220;<\/p>\n\n\n\n<p>(DVE 08\/2007)<\/p>\n\n\n\n<div class=\"wp-block-buttons is-content-justification-left is-layout-flex wp-container-core-buttons-is-layout-fdcfc74e wp-block-buttons-is-layout-flex\">\n<div class=\"wp-block-button is-style-primary\"><a class=\"wp-block-button__link wp-element-button\" href=\"mailto:info@therapiepraxis-kompass.de\">Kontakt<\/a><\/div>\n\n\n\n<div class=\"wp-block-button is-style-primary\"><a class=\"wp-block-button__link wp-element-button\" href=\"https:\/\/therapiepraxis-kompass.de\/?page_id=709\">Termine<\/a><\/div>\n<\/div>\n<\/div>\n\n\n\n<div id=\"wp-block-themeisle-blocks-advanced-column-1387cce0\" class=\"wp-block-themeisle-blocks-advanced-column\">\n<figure class=\"wp-block-image size-large\"><img loading=\"lazy\" decoding=\"async\" width=\"683\" height=\"1024\" src=\"https:\/\/therapiepraxis-kompass.de\/wp-content\/uploads\/2024\/06\/luana-azevedo-2X0Set_oSh8-unsplash-683x1024.jpg\" alt=\"\" class=\"wp-image-595\" srcset=\"https:\/\/therapiepraxis-kompass.de\/wp-content\/uploads\/2024\/06\/luana-azevedo-2X0Set_oSh8-unsplash-683x1024.jpg 683w, https:\/\/therapiepraxis-kompass.de\/wp-content\/uploads\/2024\/06\/luana-azevedo-2X0Set_oSh8-unsplash-200x300.jpg 200w, https:\/\/therapiepraxis-kompass.de\/wp-content\/uploads\/2024\/06\/luana-azevedo-2X0Set_oSh8-unsplash-768x1152.jpg 768w, https:\/\/therapiepraxis-kompass.de\/wp-content\/uploads\/2024\/06\/luana-azevedo-2X0Set_oSh8-unsplash-1024x1536.jpg 1024w, https:\/\/therapiepraxis-kompass.de\/wp-content\/uploads\/2024\/06\/luana-azevedo-2X0Set_oSh8-unsplash-1365x2048.jpg 1365w, https:\/\/therapiepraxis-kompass.de\/wp-content\/uploads\/2024\/06\/luana-azevedo-2X0Set_oSh8-unsplash-scaled.jpg 1707w\" sizes=\"auto, (max-width: 683px) 100vw, 683px\" \/><\/figure>\n<\/div>\n<\/div><\/div>\n<\/div><\/div><\/div><\/div>\n\n\n\n<div class=\"wp-block-media-text alignwide is-stacked-on-mobile\"><figure class=\"wp-block-media-text__media\"><img loading=\"lazy\" decoding=\"async\" width=\"1024\" height=\"681\" src=\"https:\/\/therapiepraxis-kompass.de\/wp-content\/uploads\/2023\/07\/top-view-child-learning-how-count-home-1024x681.jpg\" alt=\"\" class=\"wp-image-416 size-full\" srcset=\"https:\/\/therapiepraxis-kompass.de\/wp-content\/uploads\/2023\/07\/top-view-child-learning-how-count-home-1024x681.jpg 1024w, https:\/\/therapiepraxis-kompass.de\/wp-content\/uploads\/2023\/07\/top-view-child-learning-how-count-home-300x200.jpg 300w, https:\/\/therapiepraxis-kompass.de\/wp-content\/uploads\/2023\/07\/top-view-child-learning-how-count-home-768x511.jpg 768w, https:\/\/therapiepraxis-kompass.de\/wp-content\/uploads\/2023\/07\/top-view-child-learning-how-count-home-1536x1022.jpg 1536w, https:\/\/therapiepraxis-kompass.de\/wp-content\/uploads\/2023\/07\/top-view-child-learning-how-count-home-2048x1363.jpg 2048w\" sizes=\"auto, (max-width: 1024px) 100vw, 1024px\" \/><\/figure><div class=\"wp-block-media-text__content\">\n<p><\/p>\n\n\n\n<h3>Unsere Ergotherapeut\/innen behandeln<\/h3>\n<ul>\n<li>Konzentrations- und Aufmerksamkeitsst\u00f6rungen, bei nicht altersgem\u00e4\u00dfem Entwicklungsstand<\/li>\n<\/ul>\n<ul>\n<li>Grafomotorikst\u00f6rungen<\/li>\n<\/ul>\n<ul>\n<li>auditive Wahrnehmungs- und Verarbeitungsst\u00f6rungen (AVWS)<\/li>\n<\/ul>\n<ul>\n<li>Therapie bei Aufmerksamkeitsdefiziten (ADS \/ ADHS)<\/li>\n<\/ul>\n<\/div><\/div>\n\n\n\n<div class=\"wp-block-media-text alignwide has-media-on-the-right is-stacked-on-mobile\"><div class=\"wp-block-media-text__content\">\n<p><\/p>\n\n\n\n<ul>\n<li>Sensomotorikst\u00f6rungen bei St\u00f6rungen der Geschicklichkeit,<\/li>\n<li>Bewegungsqualit\u00e4t, Tempo, K\u00f6rperhaltung und Koordination durch neurologische Erkrankungen, Entwicklungsdefizite oder Unf\u00e4lle<\/li>\n<\/ul>\n<ul>\n<li>St\u00f6rungen der sensorischen Integration (SI), bei Schwierigkeiten der Verarbeitung von Informationen aus der Umwelt<\/li>\n<\/ul>\n<ul>\n<li>Wahrnehmungsst\u00f6rungen<\/li>\n<\/ul>\n<ul>\n<li>Psychosoziale Therapien, bei Verhaltensauff\u00e4lligkeiten bei Kindern und Jugendlichen<\/li>\n<\/ul>\n<ul>\n<li>Elternberatungen<\/li>\n<\/ul>\n<\/div><figure class=\"wp-block-media-text__media\"><img loading=\"lazy\" decoding=\"async\" width=\"1024\" height=\"683\" src=\"https:\/\/therapiepraxis-kompass.de\/wp-content\/uploads\/2023\/07\/close-up-bored-student-listening-teacher-1024x683.jpg\" alt=\"\" class=\"wp-image-374 size-full\" srcset=\"https:\/\/therapiepraxis-kompass.de\/wp-content\/uploads\/2023\/07\/close-up-bored-student-listening-teacher-1024x683.jpg 1024w, https:\/\/therapiepraxis-kompass.de\/wp-content\/uploads\/2023\/07\/close-up-bored-student-listening-teacher-300x200.jpg 300w, https:\/\/therapiepraxis-kompass.de\/wp-content\/uploads\/2023\/07\/close-up-bored-student-listening-teacher-768x512.jpg 768w, https:\/\/therapiepraxis-kompass.de\/wp-content\/uploads\/2023\/07\/close-up-bored-student-listening-teacher.jpg 1500w\" sizes=\"auto, (max-width: 1024px) 100vw, 1024px\" \/><\/figure><\/div>\n\n\n\n<div class=\"wp-block-media-text alignwide is-stacked-on-mobile\"><figure class=\"wp-block-media-text__media\"><img loading=\"lazy\" decoding=\"async\" width=\"1000\" height=\"667\" src=\"https:\/\/therapiepraxis-kompass.de\/wp-content\/uploads\/2023\/07\/woman-doing-occupational-therapy-session-with-psychologist-1.jpg\" alt=\"\" class=\"wp-image-415 size-full\" srcset=\"https:\/\/therapiepraxis-kompass.de\/wp-content\/uploads\/2023\/07\/woman-doing-occupational-therapy-session-with-psychologist-1.jpg 1000w, https:\/\/therapiepraxis-kompass.de\/wp-content\/uploads\/2023\/07\/woman-doing-occupational-therapy-session-with-psychologist-1-300x200.jpg 300w, https:\/\/therapiepraxis-kompass.de\/wp-content\/uploads\/2023\/07\/woman-doing-occupational-therapy-session-with-psychologist-1-768x512.jpg 768w\" sizes=\"auto, (max-width: 1000px) 100vw, 1000px\" \/><\/figure><div class=\"wp-block-media-text__content\">\n<p><\/p>\n\n\n\n<ul>\n<li>Therapien bei motorischen Defiziten nach Operationen durch neurologische Erkrankungen oder nach Unf\u00e4llen<\/li>\n<\/ul>\n<ul>\n<li>Fein- und Grobmotorikst\u00f6rungen bei Erwachsenen und Kindern<\/li>\n<\/ul>\n<ul>\n<li>Hirnleistungstraining<\/li>\n<\/ul>\n<\/div><\/div>\n\n\n\n<div class=\"wp-block-columns is-layout-flex wp-container-core-columns-is-layout-9d6595d7 wp-block-columns-is-layout-flex\">\n<div class=\"wp-block-column is-layout-flow wp-block-column-is-layout-flow\" style=\"flex-basis:100%\">\n<p><\/p>\n<\/div>\n<\/div>\n\n\n\n<div style=\"height:100px\" aria-hidden=\"true\" class=\"wp-block-spacer\"><\/div>\n\n\n\n<div id=\"wp-block-themeisle-blocks-advanced-columns-f1f47e88\" class=\"wp-block-themeisle-blocks-advanced-columns has-4-columns has-desktop-equal-layout has-tablet-equal-layout has-mobile-collapsedRows-layout has-vertical-unset\"><div class=\"wp-block-themeisle-blocks-advanced-columns-overlay\"><\/div><div class=\"innerblocks-wrap\">\n<div id=\"wp-block-themeisle-blocks-advanced-column-a07cd50a\" class=\"wp-block-themeisle-blocks-advanced-column\"><div class=\"wp-block-image\">\n<figure class=\"aligncenter size-full is-resized\"><a href=\"https:\/\/wa.me\/4961179065678\"><img loading=\"lazy\" decoding=\"async\" width=\"48\" height=\"48\" src=\"https:\/\/therapiepraxis-kompass.de\/wp-content\/uploads\/2024\/06\/icons8-whatsapp-48.png\" alt=\"\" class=\"wp-image-667\" style=\"width:78px;height:auto\"\/><\/a><\/figure>\n<\/div><\/div>\n\n\n\n<div id=\"wp-block-themeisle-blocks-advanced-column-36fd9fed\" class=\"wp-block-themeisle-blocks-advanced-column\"><div class=\"wp-block-image\">\n<figure class=\"aligncenter size-full is-resized\"><a href=\"https:\/\/www.instagram.com\/therapiepraxiskompass\/\"><img loading=\"lazy\" decoding=\"async\" width=\"48\" height=\"48\" src=\"https:\/\/therapiepraxis-kompass.de\/wp-content\/uploads\/2024\/06\/icons8-instagram-48.png\" alt=\"\" class=\"wp-image-666\" style=\"width:75px;height:auto\"\/><\/a><\/figure>\n<\/div><\/div>\n\n\n\n<div id=\"wp-block-themeisle-blocks-advanced-column-879c8cd9\" class=\"wp-block-themeisle-blocks-advanced-column\"><div class=\"wp-block-image\">\n<figure class=\"aligncenter size-full is-resized\"><a href=\"https:\/\/www.facebook.com\/p\/Therapiepraxis-Kompass-100066962254860\/?locale=de_DE\"><img loading=\"lazy\" decoding=\"async\" width=\"48\" height=\"48\" src=\"https:\/\/therapiepraxis-kompass.de\/wp-content\/uploads\/2024\/06\/icons8-facebook-48.png\" alt=\"\" class=\"wp-image-665\" style=\"width:68px;height:auto\"\/><\/a><\/figure>\n<\/div><\/div>\n\n\n\n<div id=\"wp-block-themeisle-blocks-advanced-column-e9e0a325\" class=\"wp-block-themeisle-blocks-advanced-column\"><div class=\"wp-block-image\">\n<figure class=\"aligncenter size-full is-resized\"><a href=\"https:\/\/reviewforest.org\/praxis-kompass?_gl=1*31el7e*_gcl_au*ODc0Nzk4OTQ3LjE3MTc1ODExNzc.\"><img loading=\"lazy\" decoding=\"async\" width=\"264\" height=\"299\" src=\"https:\/\/therapiepraxis-kompass.de\/wp-content\/uploads\/2024\/06\/icon-reviewforest.png\" alt=\"\" class=\"wp-image-690\" style=\"width:57px;height:auto\"\/><\/a><\/figure>\n<\/div><\/div>\n<\/div><\/div>\n\n\n\n<div style=\"height:100px\" aria-hidden=\"true\" class=\"wp-block-spacer\"><\/div>\n","protected":false},"excerpt":{"rendered":"<p>Unsere Ergotherapeut\/innen behandeln Konzentrations- und Aufmerksamkeitsst\u00f6rungen, bei nicht altersgem\u00e4\u00dfem Entwicklungsstand Grafomotorikst\u00f6rungen auditive Wahrnehmungs- und Verarbeitungsst\u00f6rungen (AVWS) Therapie bei Aufmerksamkeitsdefiziten (ADS \/ ADHS) Sensomotorikst\u00f6rungen bei St\u00f6rungen der Geschicklichkeit, Bewegungsqualit\u00e4t, Tempo, K\u00f6rperhaltung&hellip;&nbsp;<a href=\"https:\/\/therapiepraxis-kompass.de\/?page_id=2\" rel=\"bookmark\">Weiterlesen &raquo;<span class=\"screen-reader-text\">Ergotherapie<\/span><\/a><\/p>\n","protected":false},"author":1,"featured_media":0,"parent":0,"menu_order":2,"comment_status":"closed","ping_status":"closed","template":"","meta":{"om_disable_all_campaigns":false,"_monsterinsights_skip_tracking":false,"_monsterinsights_sitenote_active":false,"_monsterinsights_sitenote_note":"","_monsterinsights_sitenote_category":0,"neve_meta_sidebar":"","neve_meta_container":"","neve_meta_enable_content_width":"","neve_meta_content_width":0,"neve_meta_title_alignment":"","neve_meta_author_avatar":"","neve_post_elements_order":"","neve_meta_disable_header":"","neve_meta_disable_footer":"","neve_meta_disable_title":"","_themeisle_gutenberg_block_has_review":false,"footnotes":""},"class_list":["post-2","page","type-page","status-publish","hentry"],"aioseo_notices":[],"_links":{"self":[{"href":"https:\/\/therapiepraxis-kompass.de\/index.php?rest_route=\/wp\/v2\/pages\/2","targetHints":{"allow":["GET"]}}],"collection":[{"href":"https:\/\/therapiepraxis-kompass.de\/index.php?rest_route=\/wp\/v2\/pages"}],"about":[{"href":"https:\/\/therapiepraxis-kompass.de\/index.php?rest_route=\/wp\/v2\/types\/page"}],"author":[{"embeddable":true,"href":"https:\/\/therapiepraxis-kompass.de\/index.php?rest_route=\/wp\/v2\/users\/1"}],"replies":[{"embeddable":true,"href":"https:\/\/therapiepraxis-kompass.de\/index.php?rest_route=%2Fwp%2Fv2%2Fcomments&post=2"}],"version-history":[{"count":40,"href":"https:\/\/therapiepraxis-kompass.de\/index.php?rest_route=\/wp\/v2\/pages\/2\/revisions"}],"predecessor-version":[{"id":726,"href":"https:\/\/therapiepraxis-kompass.de\/index.php?rest_route=\/wp\/v2\/pages\/2\/revisions\/726"}],"wp:attachment":[{"href":"https:\/\/therapiepraxis-kompass.de\/index.php?rest_route=%2Fwp%2Fv2%2Fmedia&parent=2"}],"curies":[{"name":"wp","href":"https:\/\/api.w.org\/{rel}","templated":true}]}}